{"id":5078,"date":"2026-03-23T19:43:42","date_gmt":"2026-03-23T19:43:42","guid":{"rendered":"https:\/\/ahenkkalite.com.tr\/web\/?page_id=5078"},"modified":"2026-03-23T20:07:04","modified_gmt":"2026-03-23T20:07:04","slug":"gebze-kocaeli-istanbul-makro-mikro-muayene-kalite","status":"publish","type":"page","link":"https:\/\/ahenkkalite.com.tr\/web\/gebze-kocaeli-istanbul-makro-mikro-muayene-kalite\/","title":{"rendered":"Makro \/ Mikro Muayene"},"content":{"rendered":"\t\t<div data-elementor-type=\"wp-page\" data-elementor-id=\"5078\" class=\"elementor elementor-5078\">\n\t\t\t\t<div class=\"elementor-element elementor-element-c1a0cdc parallax-section e-flex e-con-boxed rt-default-class e-con e-parent\" data-id=\"c1a0cdc\" data-element_type=\"container\" data-settings=\"{&quot;background_background&quot;:&quot;classic&quot;}\">\n\t\t\t\t\t<div class=\"e-con-inner\">\n\t\t\t\t\t<\/div>\n\t\t\t\t<\/div>\n\t\t<div class=\"elementor-element elementor-element-596ec43 e-flex e-con-boxed rt-default-class e-con e-parent\" data-id=\"596ec43\" data-element_type=\"container\">\n\t\t\t\t\t<div class=\"e-con-inner\">\n\t\t<div class=\"elementor-element elementor-element-e869e5e e-con-full e-flex rt-default-class e-con e-child\" data-id=\"e869e5e\" data-element_type=\"container\">\n\t\t\t\t<div class=\"elementor-element elementor-element-78318b9 rt-default-class elementor-widget elementor-widget-heading\" data-id=\"78318b9\" data-element_type=\"widget\" data-widget_type=\"heading.default\">\n\t\t\t\t\t<h2 class=\"elementor-heading-title elementor-size-default\">Makro \/ Mikro Muayene<\/h2>\t\t\t\t<\/div>\n\t\t\t\t<div class=\"elementor-element elementor-element-9c3d3a5 rt-default-class elementor-widget elementor-widget-react-heading\" data-id=\"9c3d3a5\" data-element_type=\"widget\" data-widget_type=\"react-heading.default\">\n\t\t\t\t<div class=\"elementor-widget-container\">\n\t\t\t\t\t\t\t<div class=\"animation-style2 react-heading default\">\r\n\t\t\t<div class=\"title-inner no bg_sub_text_no double_sub_text_no\">\r\n\t\t\t\t\t\t\t<\/div>\r\n\t\t\t\t\t\t\t\t\t\t\t<\/div>\t\t\t\r\n\t\t\t\t\t<\/div>\n\t\t\t\t<\/div>\n\t\t\t\t<div class=\"elementor-element elementor-element-0dce2af rt-default-class elementor-widget elementor-widget-text-editor\" data-id=\"0dce2af\" data-element_type=\"widget\" data-widget_type=\"text-editor.default\">\n\t\t\t\t\t\t\t\t\t<p data-start=\"412\" data-end=\"1012\"><img fetchpriority=\"high\" decoding=\"async\" class=\"size-medium wp-image-5083 alignleft\" src=\"https:\/\/ahenkkalite.com.tr\/web\/wp-content\/uploads\/2026\/03\/Macro-Micro-Examination-300x225.png\" alt=\"\" width=\"300\" height=\"225\" srcset=\"https:\/\/ahenkkalite.com.tr\/web\/wp-content\/uploads\/2026\/03\/Macro-Micro-Examination-300x225.png 300w, https:\/\/ahenkkalite.com.tr\/web\/wp-content\/uploads\/2026\/03\/Macro-Micro-Examination.png 600w\" sizes=\"(max-width: 300px) 100vw, 300px\" \/><\/p><p data-start=\"5732\" data-end=\"6304\">Makro ve mikro muayene, metalik malzemelerin ve kaynakl\u0131 ba\u011flant\u0131lar\u0131n i\u00e7 yap\u0131s\u0131n\u0131 de\u011ferlendirmek amac\u0131yla uygulanan ileri d\u00fczey tahribatl\u0131 muayene y\u00f6ntemleridir. Makro muayene ile kaynak kesiti, n\u00fcfuziyet, birle\u015fme hatt\u0131, kaynak geometrisi ve i\u00e7 yap\u0131sal s\u00fcreklilik g\u00f6zlemlenirken; mikro muayene ile malzemenin tane yap\u0131s\u0131, faz da\u011f\u0131l\u0131m\u0131, \u0131s\u0131dan etkilenen b\u00f6lge \u00f6zellikleri ve metal\u00fcrjik davran\u0131\u015f\u0131 detayl\u0131 olarak incelenir. Bu testler, \u00f6zellikle kaynak kalitesinin do\u011frulanmas\u0131 ve \u00fcretim proseslerinin teknik yeterlili\u011finin de\u011ferlendirilmesi a\u00e7\u0131s\u0131ndan son derece \u00f6nemlidir.<\/p><p data-start=\"6306\" data-end=\"6696\">Ahenk Kalite M\u00fchendislik\u2019in sundu\u011fu makro\/mikro muayene hizmetleri; kaynakl\u0131 imalat, \u00e7elik konstr\u00fcksiyon, bas\u0131n\u00e7l\u0131 kap \u00fcretimi, boru imalat\u0131, enerji ekipmanlar\u0131 ve \u00f6zel m\u00fchendislik uygulamalar\u0131nda kalite g\u00fcvence s\u00fcre\u00e7lerinin \u00f6nemli bir par\u00e7as\u0131d\u0131r. Numune alma, kesit haz\u0131rlama, y\u00fczey haz\u0131rl\u0131\u011f\u0131, da\u011flama ve mikroyap\u0131 de\u011ferlendirme ad\u0131mlar\u0131 teknik gerekliliklere uygun olarak y\u00fcr\u00fct\u00fclmektedir.<\/p>\t\t\t\t\t\t\t\t<\/div>\n\t\t<div class=\"elementor-element elementor-element-3df5ae0 e-con-full e-flex rt-default-class e-con e-child\" data-id=\"3df5ae0\" data-element_type=\"container\">\n\t\t<div class=\"elementor-element elementor-element-4c49702 e-con-full e-flex rt-default-class e-con e-child\" data-id=\"4c49702\" data-element_type=\"container\" data-settings=\"{&quot;background_background&quot;:&quot;classic&quot;}\">\n\t\t\t\t<div class=\"elementor-element elementor-element-6310f06 rt-default-class elementor-widget elementor-widget-text-editor\" data-id=\"6310f06\" data-element_type=\"widget\" data-widget_type=\"text-editor.default\">\n\t\t\t\t\t\t\t\t\t<p><img decoding=\"async\" class=\"size-medium wp-image-5085 alignright\" src=\"https:\/\/ahenkkalite.com.tr\/web\/wp-content\/uploads\/2026\/03\/Macro-Micro-Examination-2-300x225.png\" alt=\"\" width=\"300\" height=\"225\" srcset=\"https:\/\/ahenkkalite.com.tr\/web\/wp-content\/uploads\/2026\/03\/Macro-Micro-Examination-2-300x225.png 300w, https:\/\/ahenkkalite.com.tr\/web\/wp-content\/uploads\/2026\/03\/Macro-Micro-Examination-2.png 600w\" sizes=\"(max-width: 300px) 100vw, 300px\" \/><\/p><p data-start=\"6698\" data-end=\"7023\">Bu muayeneler sayesinde g\u00f6r\u00fcnmeyen imalat hatalar\u0131, yetersiz n\u00fcfuziyet, d\u00fczensiz kaynak yap\u0131s\u0131, metal\u00fcrjik uygunsuzluklar ve proses kaynakl\u0131 kalite sorunlar\u0131 erken a\u015famada tespit edilebilir. B\u00f6ylece \u00fcretim s\u00fcre\u00e7lerinde tekrar i\u015fleme, m\u00fc\u015fteri reddi, saha hatas\u0131 ve g\u00fcvenlik riski gibi maliyetli sorunlar\u0131n \u00f6n\u00fcne ge\u00e7ilmi\u015f olur.<\/p><p data-start=\"7025\" data-end=\"7374\">Ahenk Kalite, makro\/mikro muayene hizmetlerinde yaln\u0131zca laboratuvar testi ger\u00e7ekle\u015ftirmez; ayn\u0131 zamanda test sonu\u00e7lar\u0131n\u0131 m\u00fchendislik bak\u0131\u015f a\u00e7\u0131s\u0131yla yorumlayarak m\u00fc\u015fterilerine karar destek sa\u011flayan profesyonel bir yakla\u015f\u0131m sunar. Bu sayede kalite dosyalar\u0131, prosed\u00fcr onaylar\u0131 ve proje teslim s\u00fcre\u00e7leri \u00e7ok daha g\u00fc\u00e7l\u00fc teknik dayanaklarla desteklenir.<\/p>\t\t\t\t\t\t\t\t<\/div>\n\t\t\t\t<\/div>\n\t\t\t\t<\/div>\n\t\t\t\t<\/div>\n\t\t\t\t\t<\/div>\n\t\t\t\t<\/div>\n\t\t<div class=\"elementor-element elementor-element-35c3b6d9 e-flex e-con-boxed rt-default-class e-con e-parent\" data-id=\"35c3b6d9\" data-element_type=\"container\">\n\t\t\t\t\t<div class=\"e-con-inner\">\n\t\t\t\t<div class=\"elementor-element elementor-element-3d1dda54 elementor-pagination-position-outside rt-default-class elementor-widget elementor-widget-image-carousel\" data-id=\"3d1dda54\" data-element_type=\"widget\" data-settings=\"{&quot;slides_to_show&quot;:&quot;6&quot;,&quot;navigation&quot;:&quot;dots&quot;,&quot;autoplay&quot;:&quot;yes&quot;,&quot;pause_on_hover&quot;:&quot;yes&quot;,&quot;pause_on_interaction&quot;:&quot;yes&quot;,&quot;autoplay_speed&quot;:5000,&quot;infinite&quot;:&quot;yes&quot;,&quot;speed&quot;:500}\" data-widget_type=\"image-carousel.default\">\n\t\t\t\t\t\t\t<div class=\"elementor-image-carousel-wrapper swiper\" role=\"region\" aria-roledescription=\"carousel\" aria-label=\"Resim D\u00f6ng\u00fcs\u00fc\" dir=\"ltr\">\n\t\t\t<div class=\"elementor-image-carousel swiper-wrapper\" aria-live=\"off\">\n\t\t\t\t\t\t\t\t<div class=\"swiper-slide\" role=\"group\" aria-roledescription=\"slide\" aria-label=\"1 \/ 26\"><figure class=\"swiper-slide-inner\"><img decoding=\"async\" class=\"swiper-slide-image\" src=\"https:\/\/ahenkkalite.com.tr\/web\/wp-content\/uploads\/2026\/02\/astor.png\" alt=\"astor\" \/><\/figure><\/div><div class=\"swiper-slide\" role=\"group\" aria-roledescription=\"slide\" aria-label=\"2 \/ 26\"><figure class=\"swiper-slide-inner\"><img decoding=\"async\" class=\"swiper-slide-image\" src=\"https:\/\/ahenkkalite.com.tr\/web\/wp-content\/uploads\/2026\/02\/bericap.png\" alt=\"bericap\" \/><\/figure><\/div><div class=\"swiper-slide\" role=\"group\" aria-roledescription=\"slide\" aria-label=\"3 \/ 26\"><figure class=\"swiper-slide-inner\"><img decoding=\"async\" class=\"swiper-slide-image\" src=\"https:\/\/ahenkkalite.com.tr\/web\/wp-content\/uploads\/2026\/02\/yesilyurt-grup.png\" alt=\"ye\u015filyurt-grup\" \/><\/figure><\/div><div class=\"swiper-slide\" role=\"group\" aria-roledescription=\"slide\" aria-label=\"4 \/ 26\"><figure class=\"swiper-slide-inner\"><img decoding=\"async\" class=\"swiper-slide-image\" src=\"https:\/\/ahenkkalite.com.tr\/web\/wp-content\/uploads\/2026\/02\/tosyali-grup.png\" alt=\"tosyali-grup\" \/><\/figure><\/div><div class=\"swiper-slide\" role=\"group\" aria-roledescription=\"slide\" aria-label=\"5 \/ 26\"><figure class=\"swiper-slide-inner\"><img decoding=\"async\" class=\"swiper-slide-image\" src=\"https:\/\/ahenkkalite.com.tr\/web\/wp-content\/uploads\/2026\/02\/colakoglu-metalurji.png\" alt=\"\u00e7olako\u011flu-metalurji\" \/><\/figure><\/div><div class=\"swiper-slide\" role=\"group\" aria-roledescription=\"slide\" aria-label=\"6 \/ 26\"><figure class=\"swiper-slide-inner\"><img decoding=\"async\" class=\"swiper-slide-image\" src=\"https:\/\/ahenkkalite.com.tr\/web\/wp-content\/uploads\/2026\/02\/kroman-celik.png\" alt=\"kroman-\u00e7elik\" \/><\/figure><\/div><div class=\"swiper-slide\" role=\"group\" aria-roledescription=\"slide\" aria-label=\"7 \/ 26\"><figure class=\"swiper-slide-inner\"><img decoding=\"async\" class=\"swiper-slide-image\" src=\"https:\/\/ahenkkalite.com.tr\/web\/wp-content\/uploads\/2026\/02\/kolcu.png\" alt=\"kolcu\" \/><\/figure><\/div><div class=\"swiper-slide\" role=\"group\" aria-roledescription=\"slide\" aria-label=\"8 \/ 26\"><figure class=\"swiper-slide-inner\"><img decoding=\"async\" class=\"swiper-slide-image\" src=\"https:\/\/ahenkkalite.com.tr\/web\/wp-content\/uploads\/2026\/02\/gursoy-insaat.png\" alt=\"gursoy-insaat\" \/><\/figure><\/div><div class=\"swiper-slide\" role=\"group\" aria-roledescription=\"slide\" aria-label=\"9 \/ 26\"><figure class=\"swiper-slide-inner\"><img decoding=\"async\" class=\"swiper-slide-image\" src=\"https:\/\/ahenkkalite.com.tr\/web\/wp-content\/uploads\/2026\/02\/grid-solutions.png\" alt=\"grid-solutions\" \/><\/figure><\/div><div class=\"swiper-slide\" role=\"group\" aria-roledescription=\"slide\" aria-label=\"10 \/ 26\"><figure class=\"swiper-slide-inner\"><img decoding=\"async\" class=\"swiper-slide-image\" src=\"https:\/\/ahenkkalite.com.tr\/web\/wp-content\/uploads\/2026\/02\/inci-endustri.png\" alt=\"inci-endustri\" \/><\/figure><\/div><div class=\"swiper-slide\" role=\"group\" aria-roledescription=\"slide\" aria-label=\"11 \/ 26\"><figure class=\"swiper-slide-inner\"><img decoding=\"async\" class=\"swiper-slide-image\" src=\"https:\/\/ahenkkalite.com.tr\/web\/wp-content\/uploads\/2026\/02\/baysan-trafo.png\" alt=\"baysan-trafo\" \/><\/figure><\/div><div class=\"swiper-slide\" role=\"group\" aria-roledescription=\"slide\" aria-label=\"12 \/ 26\"><figure class=\"swiper-slide-inner\"><img decoding=\"async\" class=\"swiper-slide-image\" src=\"https:\/\/ahenkkalite.com.tr\/web\/wp-content\/uploads\/2026\/02\/schneider-electric.png\" alt=\"schneider-electric\" \/><\/figure><\/div><div class=\"swiper-slide\" role=\"group\" aria-roledescription=\"slide\" aria-label=\"13 \/ 26\"><figure class=\"swiper-slide-inner\"><img decoding=\"async\" class=\"swiper-slide-image\" src=\"https:\/\/ahenkkalite.com.tr\/web\/wp-content\/uploads\/2026\/02\/ford.png\" alt=\"ford\" \/><\/figure><\/div><div class=\"swiper-slide\" role=\"group\" aria-roledescription=\"slide\" aria-label=\"14 \/ 26\"><figure class=\"swiper-slide-inner\"><img decoding=\"async\" class=\"swiper-slide-image\" src=\"https:\/\/ahenkkalite.com.tr\/web\/wp-content\/uploads\/2026\/02\/gda-major.png\" alt=\"gda-major\" \/><\/figure><\/div><div class=\"swiper-slide\" role=\"group\" aria-roledescription=\"slide\" aria-label=\"15 \/ 26\"><figure class=\"swiper-slide-inner\"><img decoding=\"async\" class=\"swiper-slide-image\" src=\"https:\/\/ahenkkalite.com.tr\/web\/wp-content\/uploads\/2026\/02\/ark-insaat.png\" alt=\"ark-in\u015faat\" \/><\/figure><\/div><div class=\"swiper-slide\" role=\"group\" aria-roledescription=\"slide\" aria-label=\"16 \/ 26\"><figure class=\"swiper-slide-inner\"><img decoding=\"async\" class=\"swiper-slide-image\" src=\"https:\/\/ahenkkalite.com.tr\/web\/wp-content\/uploads\/2026\/02\/green-transfo.png\" alt=\"green-transfo\" \/><\/figure><\/div><div class=\"swiper-slide\" role=\"group\" aria-roledescription=\"slide\" aria-label=\"17 \/ 26\"><figure class=\"swiper-slide-inner\"><img decoding=\"async\" class=\"swiper-slide-image\" src=\"https:\/\/ahenkkalite.com.tr\/web\/wp-content\/uploads\/2026\/02\/tuv-austria.png\" alt=\"tuv-austria\" \/><\/figure><\/div><div class=\"swiper-slide\" role=\"group\" aria-roledescription=\"slide\" aria-label=\"18 \/ 26\"><figure class=\"swiper-slide-inner\"><img decoding=\"async\" class=\"swiper-slide-image\" src=\"https:\/\/ahenkkalite.com.tr\/web\/wp-content\/uploads\/2026\/02\/intertek.png\" alt=\"intertek\" \/><\/figure><\/div><div class=\"swiper-slide\" role=\"group\" aria-roledescription=\"slide\" aria-label=\"19 \/ 26\"><figure class=\"swiper-slide-inner\"><img decoding=\"async\" class=\"swiper-slide-image\" src=\"https:\/\/ahenkkalite.com.tr\/web\/wp-content\/uploads\/2026\/02\/cms-glass-machinery.png\" alt=\"cms-glass-machinery\" \/><\/figure><\/div><div class=\"swiper-slide\" role=\"group\" aria-roledescription=\"slide\" aria-label=\"20 \/ 26\"><figure class=\"swiper-slide-inner\"><img decoding=\"async\" class=\"swiper-slide-image\" src=\"https:\/\/ahenkkalite.com.tr\/web\/wp-content\/uploads\/2026\/02\/detsa.png\" alt=\"detsa\" \/><\/figure><\/div><div class=\"swiper-slide\" role=\"group\" aria-roledescription=\"slide\" aria-label=\"21 \/ 26\"><figure class=\"swiper-slide-inner\"><img decoding=\"async\" class=\"swiper-slide-image\" src=\"https:\/\/ahenkkalite.com.tr\/web\/wp-content\/uploads\/2026\/02\/krd-makina.png\" alt=\"krd-makina\" \/><\/figure><\/div><div class=\"swiper-slide\" role=\"group\" aria-roledescription=\"slide\" aria-label=\"22 \/ 26\"><figure class=\"swiper-slide-inner\"><img decoding=\"async\" class=\"swiper-slide-image\" src=\"https:\/\/ahenkkalite.com.tr\/web\/wp-content\/uploads\/2026\/02\/easier.png\" alt=\"easier\" \/><\/figure><\/div><div class=\"swiper-slide\" role=\"group\" aria-roledescription=\"slide\" aria-label=\"23 \/ 26\"><figure class=\"swiper-slide-inner\"><img decoding=\"async\" class=\"swiper-slide-image\" src=\"https:\/\/ahenkkalite.com.tr\/web\/wp-content\/uploads\/2026\/02\/kolektor.png\" alt=\"kolektor\" \/><\/figure><\/div><div class=\"swiper-slide\" role=\"group\" aria-roledescription=\"slide\" aria-label=\"24 \/ 26\"><figure class=\"swiper-slide-inner\"><img decoding=\"async\" class=\"swiper-slide-image\" src=\"https:\/\/ahenkkalite.com.tr\/web\/wp-content\/uploads\/2026\/02\/teknik-kasa.png\" alt=\"teknik-kasa\" \/><\/figure><\/div><div class=\"swiper-slide\" role=\"group\" aria-roledescription=\"slide\" aria-label=\"25 \/ 26\"><figure class=\"swiper-slide-inner\"><img decoding=\"async\" class=\"swiper-slide-image\" src=\"https:\/\/ahenkkalite.com.tr\/web\/wp-content\/uploads\/2026\/02\/sartek.png\" alt=\"sartek\" \/><\/figure><\/div><div class=\"swiper-slide\" role=\"group\" aria-roledescription=\"slide\" aria-label=\"26 \/ 26\"><figure class=\"swiper-slide-inner\"><img decoding=\"async\" class=\"swiper-slide-image\" src=\"https:\/\/ahenkkalite.com.tr\/web\/wp-content\/uploads\/2026\/02\/ymz-insaat.png\" alt=\"ymz-insaat\" \/><\/figure><\/div>\t\t\t<\/div>\n\t\t\t\t\t\t\t\n\t\t\t\t\t\t\t\t\t<div class=\"swiper-pagination\"><\/div>\n\t\t\t\t\t\t\t\t\t<\/div>\n\t\t\t\t\t\t<\/div>\n\t\t\t\t\t<\/div>\n\t\t\t\t<\/div>\n\t\t\t\t<\/div>\n\t\t","protected":false},"excerpt":{"rendered":"<p>Makro \/ Mikro Muayene Makro ve mikro muayene, metalik malzemelerin ve kaynakl\u0131 ba\u011flant\u0131lar\u0131n i\u00e7 yap\u0131s\u0131n\u0131 de\u011ferlendirmek amac\u0131yla uygulanan ileri d\u00fczey tahribatl\u0131 muayene y\u00f6ntemleridir. Makro muayene ile kaynak kesiti, n\u00fcfuziyet, birle\u015fme hatt\u0131, kaynak geometrisi ve i\u00e7 yap\u0131sal s\u00fcreklilik g\u00f6zlemlenirken; mikro muayene ile malzemenin tane yap\u0131s\u0131, faz da\u011f\u0131l\u0131m\u0131, \u0131s\u0131dan etkilenen b\u00f6lge \u00f6zellikleri ve metal\u00fcrjik davran\u0131\u015f\u0131 detayl\u0131 olarak&#8230;<\/p>\n","protected":false},"author":1,"featured_media":0,"parent":0,"menu_order":0,"comment_status":"closed","ping_status":"closed","template":"redux-templates_full_width","meta":{"footnotes":""},"class_list":["post-5078","page","type-page","status-publish","hentry"],"_links":{"self":[{"href":"https:\/\/ahenkkalite.com.tr\/web\/wp-json\/wp\/v2\/pages\/5078","targetHints":{"allow":["GET"]}}],"collection":[{"href":"https:\/\/ahenkkalite.com.tr\/web\/wp-json\/wp\/v2\/pages"}],"about":[{"href":"https:\/\/ahenkkalite.com.tr\/web\/wp-json\/wp\/v2\/types\/page"}],"author":[{"embeddable":true,"href":"https:\/\/ahenkkalite.com.tr\/web\/wp-json\/wp\/v2\/users\/1"}],"replies":[{"embeddable":true,"href":"https:\/\/ahenkkalite.com.tr\/web\/wp-json\/wp\/v2\/comments?post=5078"}],"version-history":[{"count":7,"href":"https:\/\/ahenkkalite.com.tr\/web\/wp-json\/wp\/v2\/pages\/5078\/revisions"}],"predecessor-version":[{"id":5088,"href":"https:\/\/ahenkkalite.com.tr\/web\/wp-json\/wp\/v2\/pages\/5078\/revisions\/5088"}],"wp:attachment":[{"href":"https:\/\/ahenkkalite.com.tr\/web\/wp-json\/wp\/v2\/media?parent=5078"}],"curies":[{"name":"wp","href":"https:\/\/api.w.org\/{rel}","templated":true}]}}